{"id":32,"date":"2026-04-04T21:04:02","date_gmt":"2026-04-04T21:04:02","guid":{"rendered":"https:\/\/marlotechyasociados.group\/?page_id=32"},"modified":"2026-04-12T09:44:44","modified_gmt":"2026-04-12T09:44:44","slug":"contacto","status":"publish","type":"page","link":"https:\/\/marlotechyasociados.group\/index.php\/contacto\/","title":{"rendered":"Contacto"},"content":{"rendered":"\t\t<div data-elementor-type=\"wp-page\" data-elementor-id=\"32\" class=\"elementor elementor-32\" data-elementor-post-type=\"page\">\n\t\t\t\t<div class=\"elementor-element elementor-element-e8a5ae0 e-flex e-con-boxed e-con e-parent\" data-id=\"e8a5ae0\" data-element_type=\"container\" data-e-type=\"container\" data-settings=\"{&quot;background_background&quot;:&quot;classic&quot;}\">\n\t\t\t\t\t<div class=\"e-con-inner\">\n\t\t<div class=\"elementor-element elementor-element-19ae758 e-con-full e-flex e-con e-child\" data-id=\"19ae758\" data-element_type=\"container\" data-e-type=\"container\">\n\t\t\t\t<div class=\"elementor-element elementor-element-ff8c1c0 elementor-widget elementor-widget-spacer\" data-id=\"ff8c1c0\" data-element_type=\"widget\" data-e-type=\"widget\" data-widget_type=\"spacer.default\">\n\t\t\t\t\t\t\t<div class=\"elementor-spacer\">\n\t\t\t<div class=\"elementor-spacer-inner\"><\/div>\n\t\t<\/div>\n\t\t\t\t\t\t<\/div>\n\t\t\t\t<div class=\"elementor-element elementor-element-543b4e9 elementor-widget elementor-widget-text-editor\" data-id=\"543b4e9\" data-element_type=\"widget\" data-e-type=\"widget\" data-widget_type=\"text-editor.default\">\n\t\t\t\t\t\t\t\t\t<p>As\u00ed somos<\/p>\t\t\t\t\t\t\t\t<\/div>\n\t\t\t\t<div class=\"elementor-element elementor-element-4df7ddb elementor-widget__width-initial elementor-widget elementor-widget-heading\" data-id=\"4df7ddb\" data-element_type=\"widget\" data-e-type=\"widget\" data-widget_type=\"heading.default\">\n\t\t\t\t\t<h2 class=\"elementor-heading-title elementor-size-default\">Hablemos de tu \nSoluci\u00f3n<\/h2>\t\t\t\t<\/div>\n\t\t\t\t<\/div>\n\t\t<div class=\"elementor-element elementor-element-3805760 e-con-full e-flex e-con e-child\" data-id=\"3805760\" data-element_type=\"container\" data-e-type=\"container\">\n\t\t\t\t<div class=\"elementor-element elementor-element-27d4e16 elementor-widget elementor-widget-spacer\" data-id=\"27d4e16\" data-element_type=\"widget\" data-e-type=\"widget\" data-widget_type=\"spacer.default\">\n\t\t\t\t\t\t\t<div class=\"elementor-spacer\">\n\t\t\t<div class=\"elementor-spacer-inner\"><\/div>\n\t\t<\/div>\n\t\t\t\t\t\t<\/div>\n\t\t\t\t<div class=\"elementor-element elementor-element-83287ce elementor-widget elementor-widget-text-editor\" data-id=\"83287ce\" data-element_type=\"widget\" data-e-type=\"widget\" data-widget_type=\"text-editor.default\">\n\t\t\t\t\t\t\t\t\t<p>En Mobiliteg entendemos que cada proyecto es \u00fanico. Nuestro equipo en Tenerife est\u00e1 listo para escucharte, asesorarte y ofrecerte la soluci\u00f3n que necesitas con la rapidez y profesionalismo que mereces.<\/p>\t\t\t\t\t\t\t\t<\/div>\n\t\t\t\t<\/div>\n\t\t\t\t\t<\/div>\n\t\t\t\t<\/div>\n\t\t<div class=\"elementor-element elementor-element-1f2da9b e-flex e-con-boxed e-con e-parent\" data-id=\"1f2da9b\" data-element_type=\"container\" data-e-type=\"container\">\n\t\t\t\t\t<div class=\"e-con-inner\">\n\t\t<div class=\"elementor-element elementor-element-c4920ab e-con-full e-flex e-con e-child\" data-id=\"c4920ab\" data-element_type=\"container\" data-e-type=\"container\">\n\t\t\t\t<div class=\"elementor-element elementor-element-7595eb9 elementor-widget elementor-widget-text-editor\" data-id=\"7595eb9\" data-element_type=\"widget\" data-e-type=\"widget\" data-widget_type=\"text-editor.default\">\n\t\t\t\t\t\t\t\t\t<p>Formulario<\/p>\t\t\t\t\t\t\t\t<\/div>\n\t\t\t\t<div class=\"elementor-element elementor-element-9e56229 elementor-widget__width-initial elementor-widget elementor-widget-heading\" data-id=\"9e56229\" data-element_type=\"widget\" data-e-type=\"widget\" data-widget_type=\"heading.default\">\n\t\t\t\t\t<h2 class=\"elementor-heading-title elementor-size-default\">Env\u00edanos tu consulta<\/h2>\t\t\t\t<\/div>\n\t\t\t\t<div class=\"elementor-element elementor-element-b401d77 elementor-widget elementor-widget-text-editor\" data-id=\"b401d77\" data-element_type=\"widget\" data-e-type=\"widget\" data-widget_type=\"text-editor.default\">\n\t\t\t\t\t\t\t\t\t<p>Cu\u00e9ntanos qu\u00e9 necesitas y nos pondremos en contacto<\/p>\t\t\t\t\t\t\t\t<\/div>\n\t\t\t\t<div class=\"elementor-element elementor-element-fb46995 elementor-icon-list--layout-traditional elementor-list-item-link-full_width elementor-widget elementor-widget-icon-list\" data-id=\"fb46995\" data-element_type=\"widget\" data-e-type=\"widget\" data-widget_type=\"icon-list.default\">\n\t\t\t\t\t\t\t<ul class=\"elementor-icon-list-items\">\n\t\t\t\t\t\t\t<li class=\"elementor-icon-list-item\">\n\t\t\t\t\t\t\t\t\t\t\t<span class=\"elementor-icon-list-icon\">\n\t\t\t\t\t\t\t<svg aria-hidden=\"true\" class=\"e-font-icon-svg e-far-envelope\" viewBox=\"0 0 512 512\" xmlns=\"http:\/\/www.w3.org\/2000\/svg\"><path d=\"M464 64H48C21.49 64 0 85.49 0 112v288c0 26.51 21.49 48 48 48h416c26.51 0 48-21.49 48-48V112c0-26.51-21.49-48-48-48zm0 48v40.805c-22.422 18.259-58.168 46.651-134.587 106.49-16.841 13.247-50.201 45.072-73.413 44.701-23.208.375-56.579-31.459-73.413-44.701C106.18 199.465 70.425 171.067 48 152.805V112h416zM48 400V214.398c22.914 18.251 55.409 43.862 104.938 82.646 21.857 17.205 60.134 55.186 103.062 54.955 42.717.231 80.509-37.199 103.053-54.947 49.528-38.783 82.032-64.401 104.947-82.653V400H48z\"><\/path><\/svg>\t\t\t\t\t\t<\/span>\n\t\t\t\t\t\t\t\t\t\t<span class=\"elementor-icon-list-text\">contacto@mobiliteg.es<\/span>\n\t\t\t\t\t\t\t\t\t<\/li>\n\t\t\t\t\t\t\t\t<li class=\"elementor-icon-list-item\">\n\t\t\t\t\t\t\t\t\t\t\t<span class=\"elementor-icon-list-icon\">\n\t\t\t\t\t\t\t<svg aria-hidden=\"true\" class=\"e-font-icon-svg e-fas-phone-alt\" viewBox=\"0 0 512 512\" xmlns=\"http:\/\/www.w3.org\/2000\/svg\"><path d=\"M497.39 361.8l-112-48a24 24 0 0 0-28 6.9l-49.6 60.6A370.66 370.66 0 0 1 130.6 204.11l60.6-49.6a23.94 23.94 0 0 0 6.9-28l-48-112A24.16 24.16 0 0 0 122.6.61l-104 24A24 24 0 0 0 0 48c0 256.5 207.9 464 464 464a24 24 0 0 0 23.4-18.6l24-104a24.29 24.29 0 0 0-14.01-27.6z\"><\/path><\/svg>\t\t\t\t\t\t<\/span>\n\t\t\t\t\t\t\t\t\t\t<span class=\"elementor-icon-list-text\">+34 922 080 872<\/span>\n\t\t\t\t\t\t\t\t\t<\/li>\n\t\t\t\t\t\t\t\t<li class=\"elementor-icon-list-item\">\n\t\t\t\t\t\t\t\t\t\t\t<span class=\"elementor-icon-list-icon\">\n\t\t\t\t\t\t\t<svg aria-hidden=\"true\" class=\"e-font-icon-svg e-fas-map-marker-alt\" viewBox=\"0 0 384 512\" xmlns=\"http:\/\/www.w3.org\/2000\/svg\"><path d=\"M172.268 501.67C26.97 291.031 0 269.413 0 192 0 85.961 85.961 0 192 0s192 85.961 192 192c0 77.413-26.97 99.031-172.268 309.67-9.535 13.774-29.93 13.773-39.464 0zM192 272c44.183 0 80-35.817 80-80s-35.817-80-80-80-80 35.817-80 80 35.817 80 80 80z\"><\/path><\/svg>\t\t\t\t\t\t<\/span>\n\t\t\t\t\t\t\t\t\t\t<span class=\"elementor-icon-list-text\">Calle Bald\u00edo 14, 38280, Tegueste, Tenerife<\/span>\n\t\t\t\t\t\t\t\t\t<\/li>\n\t\t\t\t\t\t<\/ul>\n\t\t\t\t\t\t<\/div>\n\t\t\t\t<\/div>\n\t\t<div class=\"elementor-element elementor-element-6b3b529 e-con-full e-flex e-con e-child\" data-id=\"6b3b529\" data-element_type=\"container\" data-e-type=\"container\">\n\t\t\t\t<div class=\"elementor-element elementor-element-df74c88 elementor-widget elementor-widget-wpforms\" data-id=\"df74c88\" data-element_type=\"widget\" data-e-type=\"widget\" data-widget_type=\"wpforms.default\">\n\t\t\t\t<div class=\"elementor-widget-container\">\n\t\t\t\t\t<style id=\"wpforms-css-vars-elementor-widget-df74c88\">\n\t\t\t\t.elementor-widget-wpforms.elementor-element-df74c88 {\n\t\t\t\t--wpforms-button-background-color: #171817;\n--wpforms-page-break-color: #AC1A71;\n\t\t\t}\n\t\t\t<\/style><div class=\"wpforms-container wpforms-container-full wpforms-render-modern\" id=\"wpforms-520\"><form id=\"wpforms-form-520\" class=\"wpforms-validate wpforms-form wpforms-ajax-form\" data-formid=\"520\" method=\"post\" enctype=\"multipart\/form-data\" action=\"\/index.php\/wp-json\/wp\/v2\/pages\/32\" data-token=\"f36b1d1dc230518215d4e0d1acfb5709\" data-token-time=\"1776284680\"><noscript class=\"wpforms-error-noscript\">Por favor, activa JavaScript en tu navegador para completar este formulario.<\/noscript><div id=\"wpforms-error-noscript\" style=\"display: none;\">Por favor, activa JavaScript en tu navegador para completar este formulario.<\/div><div class=\"wpforms-field-container\"><div id=\"wpforms-520-field_13-container\" class=\"wpforms-field wpforms-field-layout\" data-field-id=\"13\"><div class=\"wpforms-field-layout-rows wpforms-field-large\"><div class=\"wpforms-layout-row\"><div class=\"wpforms-layout-column wpforms-layout-column-50\"><div id=\"wpforms-520-field_1-container\" class=\"wpforms-field wpforms-field-name\" data-field-id=\"1\"><label class=\"wpforms-field-label\" for=\"wpforms-520-field_1\">Nombre <span class=\"wpforms-required-label\" aria-hidden=\"true\">*<\/span><\/label><input type=\"text\" id=\"wpforms-520-field_1\" class=\"wpforms-field-large wpforms-field-required\" name=\"wpforms[fields][1]\" aria-errormessage=\"wpforms-520-field_1-error\" required><\/div><\/div><div class=\"wpforms-layout-column wpforms-layout-column-50\"><div id=\"wpforms-520-field_12-container\" class=\"wpforms-field wpforms-field-name\" data-field-id=\"12\"><label class=\"wpforms-field-label\" for=\"wpforms-520-field_12\">Apellidos <span class=\"wpforms-required-label\" aria-hidden=\"true\">*<\/span><\/label><input type=\"text\" id=\"wpforms-520-field_12\" class=\"wpforms-field-large wpforms-field-required\" name=\"wpforms[fields][12]\" aria-errormessage=\"wpforms-520-field_12-error\" required><\/div><\/div><\/div><\/div><\/div>\t\t<div id=\"wpforms-520-field_3-container\"\n\t\t\tclass=\"wpforms-field wpforms-field-text\"\n\t\t\tdata-field-type=\"text\"\n\t\t\tdata-field-id=\"3\"\n\t\t\t>\n\t\t\t<label class=\"wpforms-field-label\" for=\"wpforms-520-field_3\" >Acepto \u00bfQui\u00e9n Nombre<\/label>\n\t\t\t<input type=\"text\" id=\"wpforms-520-field_3\" class=\"wpforms-field-medium\" name=\"wpforms[fields][3]\" >\n\t\t<\/div>\n\t\t<div id=\"wpforms-520-field_6-container\" class=\"wpforms-field wpforms-field-layout\" data-field-id=\"6\"><div class=\"wpforms-field-layout-rows wpforms-field-large\"><div class=\"wpforms-layout-row\"><div class=\"wpforms-layout-column wpforms-layout-column-50\"><div id=\"wpforms-520-field_2-container\" class=\"wpforms-field wpforms-field-email\" data-field-id=\"2\"><label class=\"wpforms-field-label\" for=\"wpforms-520-field_2\">Email <span class=\"wpforms-required-label\" aria-hidden=\"true\">*<\/span><\/label><input type=\"email\" id=\"wpforms-520-field_2\" class=\"wpforms-field-medium wpforms-field-required\" name=\"wpforms[fields][2]\" spellcheck=\"false\" aria-errormessage=\"wpforms-520-field_2-error\" required><\/div><\/div><div class=\"wpforms-layout-column wpforms-layout-column-50\"><div id=\"wpforms-520-field_5-container\" class=\"wpforms-field wpforms-field-phone\" data-field-id=\"5\"><label class=\"wpforms-field-label\" for=\"wpforms-520-field_5\">Tel\u00e9fono<\/label><input type=\"tel\" id=\"wpforms-520-field_5\" class=\"wpforms-field-medium wpforms-smart-phone-field\" data-rule-smart-phone-field=\"true\" name=\"wpforms[fields][5]\" aria-label=\"Tel\u00e9fono\" aria-errormessage=\"wpforms-520-field_5-error\" ><\/div><\/div><\/div><\/div><\/div><div id=\"wpforms-520-field_8-container\" class=\"wpforms-field wpforms-field-textarea\" data-field-id=\"8\"><label class=\"wpforms-field-label\" for=\"wpforms-520-field_8\">Mensaje<\/label><textarea id=\"wpforms-520-field_8\" class=\"wpforms-field-medium\" name=\"wpforms[fields][8]\" aria-errormessage=\"wpforms-520-field_8-error\" ><\/textarea><\/div><div id=\"wpforms-520-field_10-container\" class=\"wpforms-field wpforms-field-layout\" data-field-id=\"10\"><div class=\"wpforms-field-layout-rows wpforms-field-large\"><div class=\"wpforms-layout-row\"><div class=\"wpforms-layout-column wpforms-layout-column-50\"><div id=\"wpforms-520-field_4-container\" class=\"wpforms-field wpforms-field-checkbox\" data-field-id=\"4\"><fieldset><legend class=\"wpforms-field-label\">\u00bfQui\u00e9n eres?<\/legend><ul id=\"wpforms-520-field_4\"><li class=\"choice-1 depth-1\"><input type=\"checkbox\" id=\"wpforms-520-field_4_1\" name=\"wpforms[fields][4][]\" value=\"Particular\" aria-errormessage=\"wpforms-520-field_4_1-error\"  ><label class=\"wpforms-field-label-inline\" for=\"wpforms-520-field_4_1\">Particular<\/label><\/li><li class=\"choice-2 depth-1\"><input type=\"checkbox\" id=\"wpforms-520-field_4_2\" name=\"wpforms[fields][4][]\" value=\"Empresa\" aria-errormessage=\"wpforms-520-field_4_2-error\"  ><label class=\"wpforms-field-label-inline\" for=\"wpforms-520-field_4_2\">Empresa<\/label><\/li><li class=\"choice-3 depth-1\"><input type=\"checkbox\" id=\"wpforms-520-field_4_3\" name=\"wpforms[fields][4][]\" value=\"Administrador\" aria-errormessage=\"wpforms-520-field_4_3-error\"  ><label class=\"wpforms-field-label-inline\" for=\"wpforms-520-field_4_3\">Administrador<\/label><\/li><\/ul><\/fieldset><\/div><\/div><div class=\"wpforms-layout-column wpforms-layout-column-50\"><div id=\"wpforms-520-field_11-container\" class=\"wpforms-field wpforms-field-checkbox\" data-field-id=\"11\"><fieldset><legend class=\"wpforms-field-label\"><\/legend><ul id=\"wpforms-520-field_11\"><li class=\"choice-6 depth-1\"><input type=\"checkbox\" id=\"wpforms-520-field_11_6\" name=\"wpforms[fields][11][]\" value=\"Comunidad de propietarios\" aria-errormessage=\"wpforms-520-field_11_6-error\"  ><label class=\"wpforms-field-label-inline\" for=\"wpforms-520-field_11_6\">Comunidad de propietarios<\/label><\/li><li class=\"choice-5 depth-1\"><input type=\"checkbox\" id=\"wpforms-520-field_11_5\" name=\"wpforms[fields][11][]\" value=\"Profesional\" aria-errormessage=\"wpforms-520-field_11_5-error\"  ><label class=\"wpforms-field-label-inline\" for=\"wpforms-520-field_11_5\">Profesional<\/label><\/li><li class=\"choice-4 depth-1\"><input type=\"checkbox\" id=\"wpforms-520-field_11_4\" name=\"wpforms[fields][11][]\" value=\"Otro\" aria-errormessage=\"wpforms-520-field_11_4-error\"  ><label class=\"wpforms-field-label-inline\" for=\"wpforms-520-field_11_4\">Otro<\/label><\/li><\/ul><\/fieldset><\/div><\/div><\/div><\/div><\/div><div id=\"wpforms-520-field_9-container\" class=\"wpforms-field wpforms-field-checkbox\" data-field-id=\"9\"><fieldset><legend class=\"wpforms-field-label\">Acepto<\/legend><ul id=\"wpforms-520-field_9\"><li class=\"choice-1 depth-1\"><input type=\"checkbox\" id=\"wpforms-520-field_9_1\" name=\"wpforms[fields][9][]\" value=\"Pol\u00edtica de privacidad\" aria-errormessage=\"wpforms-520-field_9_1-error\"  ><label class=\"wpforms-field-label-inline\" for=\"wpforms-520-field_9_1\">Pol\u00edtica de privacidad<\/label><\/li><\/ul><\/fieldset><\/div><script>\n\t\t\t\t( function() {\n\t\t\t\t\tconst style = document.createElement( 'style' );\n\t\t\t\t\tstyle.appendChild( document.createTextNode( '#wpforms-520-field_3-container { position: absolute !important; overflow: hidden !important; display: inline !important; height: 1px !important; width: 1px !important; z-index: -1000 !important; padding: 0 !important; } #wpforms-520-field_3-container input { visibility: hidden; } #wpforms-conversational-form-page #wpforms-520-field_3-container label { counter-increment: none; }' ) );\n\t\t\t\t\tdocument.head.appendChild( style );\n\t\t\t\t\tdocument.currentScript?.remove();\n\t\t\t\t} )();\n\t\t\t<\/script><\/div><!-- .wpforms-field-container --><div class=\"wpforms-submit-container\" ><input type=\"hidden\" name=\"wpforms[id]\" value=\"520\"><input type=\"hidden\" name=\"page_title\" value=\"\"><input type=\"hidden\" name=\"page_url\" value=\"https:\/\/marlotechyasociados.group\/index.php\/wp-json\/wp\/v2\/pages\/32\"><input type=\"hidden\" name=\"url_referer\" value=\"\"><button type=\"submit\" name=\"wpforms[submit]\" id=\"wpforms-submit-520\" class=\"wpforms-submit\" data-alt-text=\"Enviando...\" data-submit-text=\"Enviar\" aria-live=\"assertive\" value=\"wpforms-submit\">Enviar<\/button><img decoding=\"async\" src=\"https:\/\/marlotechyasociados.group\/wp-content\/plugins\/wpforms\/assets\/images\/submit-spin.svg\" class=\"wpforms-submit-spinner\" style=\"display: none;\" width=\"26\" height=\"26\" alt=\"Cargando\"><\/div><\/form><\/div>  <!-- .wpforms-container -->\t\t\t\t<\/div>\n\t\t\t\t<\/div>\n\t\t\t\t<\/div>\n\t\t\t\t\t<\/div>\n\t\t\t\t<\/div>\n\t\t<div class=\"elementor-element elementor-element-6207422 e-flex e-con-boxed e-con e-parent\" data-id=\"6207422\" data-element_type=\"container\" data-e-type=\"container\">\n\t\t\t\t\t<div class=\"e-con-inner\">\n\t\t\t\t<div class=\"elementor-element elementor-element-00b2be5 elementor-widget elementor-widget-spacer\" data-id=\"00b2be5\" data-element_type=\"widget\" data-e-type=\"widget\" data-widget_type=\"spacer.default\">\n\t\t\t\t\t\t\t<div class=\"elementor-spacer\">\n\t\t\t<div class=\"elementor-spacer-inner\"><\/div>\n\t\t<\/div>\n\t\t\t\t\t\t<\/div>\n\t\t\t\t\t<\/div>\n\t\t\t\t<\/div>\n\t\t\t\t<\/div>\n\t\t","protected":false},"excerpt":{"rendered":"<p>As\u00ed somos Hablemos de tu Soluci\u00f3n En Mobiliteg entendemos que cada proyecto es \u00fanico. Nuestro equipo en Tenerife est\u00e1 listo para escucharte, asesorarte y ofrecerte la soluci\u00f3n que necesitas con la rapidez y profesionalismo que mereces. Formulario Env\u00edanos tu consulta Cu\u00e9ntanos qu\u00e9 necesitas y nos pondremos en contacto contacto@mobiliteg.es +34 922 080 872 Calle Bald\u00edo [&hellip;]<\/p>\n","protected":false},"author":1,"featured_media":0,"parent":0,"menu_order":0,"comment_status":"closed","ping_status":"closed","template":"elementor_header_footer","meta":{"footnotes":""},"class_list":["post-32","page","type-page","status-publish","hentry"],"yoast_head":"<!-- This site is optimized with the Yoast SEO plugin v27.2 - https:\/\/yoast.com\/product\/yoast-seo-wordpress\/ -->\n<title>Contacto - SALVA ESCALERAS<\/title>\n<meta name=\"robots\" content=\"index, follow, max-snippet:-1, max-image-preview:large, max-video-preview:-1\" \/>\n<link rel=\"canonical\" href=\"https:\/\/marlotechyasociados.group\/index.php\/contacto\/\" \/>\n<meta property=\"og:locale\" content=\"es_ES\" \/>\n<meta property=\"og:type\" content=\"article\" \/>\n<meta property=\"og:title\" content=\"Contacto - SALVA ESCALERAS\" \/>\n<meta property=\"og:description\" content=\"As\u00ed somos Hablemos de tu Soluci\u00f3n En Mobiliteg entendemos que cada proyecto es \u00fanico. Nuestro equipo en Tenerife est\u00e1 listo para escucharte, asesorarte y ofrecerte la soluci\u00f3n que necesitas con la rapidez y profesionalismo que mereces. Formulario Env\u00edanos tu consulta Cu\u00e9ntanos qu\u00e9 necesitas y nos pondremos en contacto contacto@mobiliteg.es +34 922 080 872 Calle Bald\u00edo [&hellip;]\" \/>\n<meta property=\"og:url\" content=\"https:\/\/marlotechyasociados.group\/index.php\/contacto\/\" \/>\n<meta property=\"og:site_name\" content=\"SALVA ESCALERAS\" \/>\n<meta property=\"article:modified_time\" content=\"2026-04-12T09:44:44+00:00\" \/>\n<meta property=\"og:image\" content=\"https:\/\/marlotechyasociados.group\/wp-content\/plugins\/wpforms\/assets\/images\/submit-spin.svg\" \/>\n<meta name=\"twitter:card\" content=\"summary_large_image\" \/>\n<meta name=\"twitter:label1\" content=\"Tiempo de lectura\" \/>\n\t<meta name=\"twitter:data1\" content=\"1 minuto\" \/>\n<script type=\"application\/ld+json\" class=\"yoast-schema-graph\">{\"@context\":\"https:\/\/schema.org\",\"@graph\":[{\"@type\":\"WebPage\",\"@id\":\"https:\/\/marlotechyasociados.group\/index.php\/contacto\/\",\"url\":\"https:\/\/marlotechyasociados.group\/index.php\/contacto\/\",\"name\":\"Contacto - SALVA ESCALERAS\",\"isPartOf\":{\"@id\":\"https:\/\/marlotechyasociados.group\/#website\"},\"primaryImageOfPage\":{\"@id\":\"https:\/\/marlotechyasociados.group\/index.php\/contacto\/#primaryimage\"},\"image\":{\"@id\":\"https:\/\/marlotechyasociados.group\/index.php\/contacto\/#primaryimage\"},\"thumbnailUrl\":\"https:\/\/marlotechyasociados.group\/wp-content\/plugins\/wpforms\/assets\/images\/submit-spin.svg\",\"datePublished\":\"2026-04-04T21:04:02+00:00\",\"dateModified\":\"2026-04-12T09:44:44+00:00\",\"breadcrumb\":{\"@id\":\"https:\/\/marlotechyasociados.group\/index.php\/contacto\/#breadcrumb\"},\"inLanguage\":\"es\",\"potentialAction\":[{\"@type\":\"ReadAction\",\"target\":[\"https:\/\/marlotechyasociados.group\/index.php\/contacto\/\"]}]},{\"@type\":\"ImageObject\",\"inLanguage\":\"es\",\"@id\":\"https:\/\/marlotechyasociados.group\/index.php\/contacto\/#primaryimage\",\"url\":\"https:\/\/marlotechyasociados.group\/wp-content\/plugins\/wpforms\/assets\/images\/submit-spin.svg\",\"contentUrl\":\"https:\/\/marlotechyasociados.group\/wp-content\/plugins\/wpforms\/assets\/images\/submit-spin.svg\"},{\"@type\":\"BreadcrumbList\",\"@id\":\"https:\/\/marlotechyasociados.group\/index.php\/contacto\/#breadcrumb\",\"itemListElement\":[{\"@type\":\"ListItem\",\"position\":1,\"name\":\"Portada\",\"item\":\"https:\/\/marlotechyasociados.group\/\"},{\"@type\":\"ListItem\",\"position\":2,\"name\":\"Contacto\"}]},{\"@type\":\"WebSite\",\"@id\":\"https:\/\/marlotechyasociados.group\/#website\",\"url\":\"https:\/\/marlotechyasociados.group\/\",\"name\":\"SALVA ESCALERAS\",\"description\":\"\",\"publisher\":{\"@id\":\"https:\/\/marlotechyasociados.group\/#organization\"},\"potentialAction\":[{\"@type\":\"SearchAction\",\"target\":{\"@type\":\"EntryPoint\",\"urlTemplate\":\"https:\/\/marlotechyasociados.group\/?s={search_term_string}\"},\"query-input\":{\"@type\":\"PropertyValueSpecification\",\"valueRequired\":true,\"valueName\":\"search_term_string\"}}],\"inLanguage\":\"es\"},{\"@type\":\"Organization\",\"@id\":\"https:\/\/marlotechyasociados.group\/#organization\",\"name\":\"SALVA ESCALERAS\",\"url\":\"https:\/\/marlotechyasociados.group\/\",\"logo\":{\"@type\":\"ImageObject\",\"inLanguage\":\"es\",\"@id\":\"https:\/\/marlotechyasociados.group\/#\/schema\/logo\/image\/\",\"url\":\"https:\/\/marlotechyasociados.group\/wp-content\/uploads\/2026\/03\/logo@2x.webp\",\"contentUrl\":\"https:\/\/marlotechyasociados.group\/wp-content\/uploads\/2026\/03\/logo@2x.webp\",\"width\":294,\"height\":96,\"caption\":\"SALVA ESCALERAS\"},\"image\":{\"@id\":\"https:\/\/marlotechyasociados.group\/#\/schema\/logo\/image\/\"}}]}<\/script>\n<!-- \/ Yoast SEO plugin. -->","yoast_head_json":{"title":"Contacto - SALVA ESCALERAS","robots":{"index":"index","follow":"follow","max-snippet":"max-snippet:-1","max-image-preview":"max-image-preview:large","max-video-preview":"max-video-preview:-1"},"canonical":"https:\/\/marlotechyasociados.group\/index.php\/contacto\/","og_locale":"es_ES","og_type":"article","og_title":"Contacto - SALVA ESCALERAS","og_description":"As\u00ed somos Hablemos de tu Soluci\u00f3n En Mobiliteg entendemos que cada proyecto es \u00fanico. Nuestro equipo en Tenerife est\u00e1 listo para escucharte, asesorarte y ofrecerte la soluci\u00f3n que necesitas con la rapidez y profesionalismo que mereces. Formulario Env\u00edanos tu consulta Cu\u00e9ntanos qu\u00e9 necesitas y nos pondremos en contacto contacto@mobiliteg.es +34 922 080 872 Calle Bald\u00edo [&hellip;]","og_url":"https:\/\/marlotechyasociados.group\/index.php\/contacto\/","og_site_name":"SALVA ESCALERAS","article_modified_time":"2026-04-12T09:44:44+00:00","og_image":[{"url":"https:\/\/marlotechyasociados.group\/wp-content\/plugins\/wpforms\/assets\/images\/submit-spin.svg","type":"","width":"","height":""}],"twitter_card":"summary_large_image","twitter_misc":{"Tiempo de lectura":"1 minuto"},"schema":{"@context":"https:\/\/schema.org","@graph":[{"@type":"WebPage","@id":"https:\/\/marlotechyasociados.group\/index.php\/contacto\/","url":"https:\/\/marlotechyasociados.group\/index.php\/contacto\/","name":"Contacto - SALVA ESCALERAS","isPartOf":{"@id":"https:\/\/marlotechyasociados.group\/#website"},"primaryImageOfPage":{"@id":"https:\/\/marlotechyasociados.group\/index.php\/contacto\/#primaryimage"},"image":{"@id":"https:\/\/marlotechyasociados.group\/index.php\/contacto\/#primaryimage"},"thumbnailUrl":"https:\/\/marlotechyasociados.group\/wp-content\/plugins\/wpforms\/assets\/images\/submit-spin.svg","datePublished":"2026-04-04T21:04:02+00:00","dateModified":"2026-04-12T09:44:44+00:00","breadcrumb":{"@id":"https:\/\/marlotechyasociados.group\/index.php\/contacto\/#breadcrumb"},"inLanguage":"es","potentialAction":[{"@type":"ReadAction","target":["https:\/\/marlotechyasociados.group\/index.php\/contacto\/"]}]},{"@type":"ImageObject","inLanguage":"es","@id":"https:\/\/marlotechyasociados.group\/index.php\/contacto\/#primaryimage","url":"https:\/\/marlotechyasociados.group\/wp-content\/plugins\/wpforms\/assets\/images\/submit-spin.svg","contentUrl":"https:\/\/marlotechyasociados.group\/wp-content\/plugins\/wpforms\/assets\/images\/submit-spin.svg"},{"@type":"BreadcrumbList","@id":"https:\/\/marlotechyasociados.group\/index.php\/contacto\/#breadcrumb","itemListElement":[{"@type":"ListItem","position":1,"name":"Portada","item":"https:\/\/marlotechyasociados.group\/"},{"@type":"ListItem","position":2,"name":"Contacto"}]},{"@type":"WebSite","@id":"https:\/\/marlotechyasociados.group\/#website","url":"https:\/\/marlotechyasociados.group\/","name":"SALVA ESCALERAS","description":"","publisher":{"@id":"https:\/\/marlotechyasociados.group\/#organization"},"potentialAction":[{"@type":"SearchAction","target":{"@type":"EntryPoint","urlTemplate":"https:\/\/marlotechyasociados.group\/?s={search_term_string}"},"query-input":{"@type":"PropertyValueSpecification","valueRequired":true,"valueName":"search_term_string"}}],"inLanguage":"es"},{"@type":"Organization","@id":"https:\/\/marlotechyasociados.group\/#organization","name":"SALVA ESCALERAS","url":"https:\/\/marlotechyasociados.group\/","logo":{"@type":"ImageObject","inLanguage":"es","@id":"https:\/\/marlotechyasociados.group\/#\/schema\/logo\/image\/","url":"https:\/\/marlotechyasociados.group\/wp-content\/uploads\/2026\/03\/logo@2x.webp","contentUrl":"https:\/\/marlotechyasociados.group\/wp-content\/uploads\/2026\/03\/logo@2x.webp","width":294,"height":96,"caption":"SALVA ESCALERAS"},"image":{"@id":"https:\/\/marlotechyasociados.group\/#\/schema\/logo\/image\/"}}]}},"_links":{"self":[{"href":"https:\/\/marlotechyasociados.group\/index.php\/wp-json\/wp\/v2\/pages\/32","targetHints":{"allow":["GET"]}}],"collection":[{"href":"https:\/\/marlotechyasociados.group\/index.php\/wp-json\/wp\/v2\/pages"}],"about":[{"href":"https:\/\/marlotechyasociados.group\/index.php\/wp-json\/wp\/v2\/types\/page"}],"author":[{"embeddable":true,"href":"https:\/\/marlotechyasociados.group\/index.php\/wp-json\/wp\/v2\/users\/1"}],"replies":[{"embeddable":true,"href":"https:\/\/marlotechyasociados.group\/index.php\/wp-json\/wp\/v2\/comments?post=32"}],"version-history":[{"count":52,"href":"https:\/\/marlotechyasociados.group\/index.php\/wp-json\/wp\/v2\/pages\/32\/revisions"}],"predecessor-version":[{"id":546,"href":"https:\/\/marlotechyasociados.group\/index.php\/wp-json\/wp\/v2\/pages\/32\/revisions\/546"}],"wp:attachment":[{"href":"https:\/\/marlotechyasociados.group\/index.php\/wp-json\/wp\/v2\/media?parent=32"}],"curies":[{"name":"wp","href":"https:\/\/api.w.org\/{rel}","templated":true}]}}